{"id":83,"date":"2019-12-23T18:11:18","date_gmt":"2019-12-23T17:11:18","guid":{"rendered":"https:\/\/soin-energie.com\/?page_id=83"},"modified":"2024-06-22T15:48:33","modified_gmt":"2024-06-22T13:48:33","slug":"soins-energetiques","status":"publish","type":"page","link":"https:\/\/soin-energie.com\/index.php\/soins-energetiques\/","title":{"rendered":"Energies"},"content":{"rendered":"<div class=\"vce-row-container\" data-vce-boxed-width=\"true\"><div class=\"vce-row vce-row--col-gap-30 vce-row-equal-height vce-row-content--top\" id=\"el-24614761\" data-vce-do-apply=\"all el-24614761\"><div class=\"vce-content-background-container\"><\/div><div class=\"vce-row-content\" data-vce-element-content=\"true\"><div class=\"vce-col vce-col--md-auto vce-col--xs-1 vce-col--xs-last vce-col--xs-first vce-col--sm-last vce-col--sm-first vce-col--md-first vce-col--lg-first vce-col--xl-first\" id=\"el-28885309\"><div class=\"vce-col-inner\" data-vce-do-apply=\"border margin background  el-28885309\"><div class=\"vce-col-content\" data-vce-element-content=\"true\" data-vce-do-apply=\"padding el-28885309\"><div class=\"vce-single-image-container vce-single-image--align-left\"><div class=\"vce vce-single-image-wrapper\" id=\"el-97df5673\" data-vce-do-apply=\"all el-97df5673\"><figure><a href=\"https:\/\/soin-energie.com\/index.php\/degagement\/\" title=\"soin \u00e9nerg\u00e9tique de d\u00e9gagement \" class=\"vce-single-image-inner vce-single-image--absolute\" style=\"padding-bottom: 100%; width: 1024px;\"><img loading=\"lazy\" class=\"vce-single-image vcv-lozad\" data-src=\"https:\/\/soin-energie.com\/wp-content\/uploads\/2022\/02\/soin-degagement-energetique.png\" width=\"1024\" height=\"1024\" src=\"\" data-img-src=\"https:\/\/soin-energie.com\/wp-content\/uploads\/2022\/02\/soin-degagement-energetique.png\" alt=\"\" title=\"soin-degagement-energetique\" \/><noscript>\n        <img loading=\"lazy\" class=\"vce-single-image\" src=\"https:\/\/soin-energie.com\/wp-content\/uploads\/2022\/02\/soin-degagement-energetique.png\" width=\"1024\" height=\"1024\" alt=\"\" title=\"soin-degagement-energetique\" \/>\n      <\/noscript><\/a><figcaption hidden=\"\"><\/figcaption><\/figure><\/div><\/div><\/div><\/div><\/div><div class=\"vce-col vce-col--md-auto vce-col--xs-1 vce-col--xs-last vce-col--xs-first vce-col--sm-last vce-col--sm-first\" id=\"el-8aa64566\"><div class=\"vce-col-inner\" data-vce-do-apply=\"border margin background  el-8aa64566\"><div class=\"vce-col-content\" data-vce-element-content=\"true\" data-vce-do-apply=\"padding el-8aa64566\"><div class=\"vce-single-image-container vce-single-image--align-left\"><div class=\"vce vce-single-image-wrapper\" id=\"el-b9960561\" data-vce-do-apply=\"all el-b9960561\"><figure><a href=\"https:\/\/soin-energie.com\/index.php\/soin-douverture-de-purification-des-canaux-detection-des-dons\/\" title=\"\" class=\"vce-single-image-inner vce-single-image--absolute\" style=\"padding-bottom: 100%; width: 1024px;\"><img loading=\"lazy\" class=\"vce-single-image vcv-lozad\" data-src=\"https:\/\/soin-energie.com\/wp-content\/uploads\/2022\/02\/soin-detection-dons.png\" width=\"1024\" height=\"1024\" src=\"\" data-img-src=\"https:\/\/soin-energie.com\/wp-content\/uploads\/2022\/02\/soin-detection-dons.png\" alt=\"\" title=\"soin-detection-dons\" \/><noscript>\n        <img loading=\"lazy\" class=\"vce-single-image\" src=\"https:\/\/soin-energie.com\/wp-content\/uploads\/2022\/02\/soin-detection-dons.png\" width=\"1024\" height=\"1024\" alt=\"\" title=\"soin-detection-dons\" \/>\n      <\/noscript><\/a><figcaption hidden=\"\"><\/figcaption><\/figure><\/div><\/div><\/div><\/div><\/div><div class=\"vce-col vce-col--md-auto vce-col--xs-1 vce-col--xs-last vce-col--xs-first vce-col--sm-last vce-col--sm-first vce-col--md-last vce-col--lg-last vce-col--xl-last\" id=\"el-5dd6967b\"><div class=\"vce-col-inner\" data-vce-do-apply=\"border margin background  el-5dd6967b\"><div class=\"vce-col-content\" data-vce-element-content=\"true\" data-vce-do-apply=\"padding el-5dd6967b\"><div class=\"vce-single-image-container vce-single-image--align-left\"><div class=\"vce vce-single-image-wrapper\" id=\"el-c2b3469e\" data-vce-do-apply=\"all el-c2b3469e\"><figure><a href=\"https:\/\/soin-energie.com\/index.php\/reparations-karmiques\/\" title=\"Soin r\u00e9parations karmiques\" class=\"vce-single-image-inner vce-single-image--absolute\" style=\"padding-bottom: 100%; width: 1024px;\"><img loading=\"lazy\" class=\"vce-single-image vcv-lozad\" data-src=\"https:\/\/soin-energie.com\/wp-content\/uploads\/2022\/02\/soin-energetique-karmique.png\" width=\"1024\" height=\"1024\" src=\"\" data-img-src=\"https:\/\/soin-energie.com\/wp-content\/uploads\/2022\/02\/soin-energetique-karmique.png\" alt=\"\" title=\"soin-energetique-karmique\" \/><noscript>\n        <img loading=\"lazy\" class=\"vce-single-image\" src=\"https:\/\/soin-energie.com\/wp-content\/uploads\/2022\/02\/soin-energetique-karmique.png\" width=\"1024\" height=\"1024\" alt=\"\" title=\"soin-energetique-karmique\" \/>\n      <\/noscript><\/a><figcaption hidden=\"\"><\/figcaption><\/figure><\/div><\/div><\/div><\/div><\/div><\/div><\/div><\/div><div class=\"vce-row-container\" data-vce-boxed-width=\"true\"><div class=\"vce-row vce-row--col-gap-30 vce-row-equal-height vce-row-content--top\" id=\"el-7b2af043\" data-vce-do-apply=\"all el-7b2af043\"><div class=\"vce-content-background-container\"><\/div><div class=\"vce-row-content\" data-vce-element-content=\"true\"><div class=\"vce-col vce-col--md-auto vce-col--xs-1 vce-col--xs-last vce-col--xs-first vce-col--sm-last vce-col--sm-first vce-col--md-first vce-col--lg-first vce-col--xl-first\" id=\"el-d61e9315\"><div class=\"vce-col-inner\" data-vce-do-apply=\"border margin background  el-d61e9315\"><div class=\"vce-col-content\" data-vce-element-content=\"true\" data-vce-do-apply=\"padding el-d61e9315\"><div class=\"vce-single-image-container vce-single-image--align-left\"><div class=\"vce vce-single-image-wrapper\" id=\"el-66b5a8bb\" data-vce-do-apply=\"all el-66b5a8bb\"><figure><a href=\"https:\/\/soin-energie.com\/index.php\/soin-de-detox-energetique\/\" title=\"\" target=\"_blank\" class=\"vce-single-image-inner vce-single-image--absolute\" style=\"padding-bottom: 100%; width: 1024px;\" rel=\"noopener noreferrer\"><img loading=\"lazy\" class=\"vce-single-image vcv-lozad\" data-src=\"https:\/\/soin-energie.com\/wp-content\/uploads\/2022\/02\/soin-detox-energetique.png\" width=\"1024\" height=\"1024\" src=\"\" data-img-src=\"https:\/\/soin-energie.com\/wp-content\/uploads\/2022\/02\/soin-detox-energetique.png\" alt=\"\" title=\"soin-detox-energetique\" \/><noscript>\n        <img loading=\"lazy\" class=\"vce-single-image\" src=\"https:\/\/soin-energie.com\/wp-content\/uploads\/2022\/02\/soin-detox-energetique.png\" width=\"1024\" height=\"1024\" alt=\"\" title=\"soin-detox-energetique\" \/>\n      <\/noscript><\/a><figcaption hidden=\"\"><\/figcaption><\/figure><\/div><\/div><\/div><\/div><\/div><div class=\"vce-col vce-col--md-auto vce-col--xs-1 vce-col--xs-last vce-col--xs-first vce-col--sm-last vce-col--sm-first\" id=\"el-45f0db26\"><div class=\"vce-col-inner\" data-vce-do-apply=\"border margin background  el-45f0db26\"><div class=\"vce-col-content\" data-vce-element-content=\"true\" data-vce-do-apply=\"padding el-45f0db26\"><div class=\"vce-single-image-container vce-single-image--align-left\"><div class=\"vce vce-single-image-wrapper\" id=\"el-e7e2bf28\" data-vce-do-apply=\"all el-e7e2bf28\"><figure><a href=\"https:\/\/soin-energie.com\/index.php\/reboost-energetique\/\" title=\"\" class=\"vce-single-image-inner vce-single-image--absolute\" style=\"padding-bottom: 100%; width: 1024px;\"><img loading=\"lazy\" class=\"vce-single-image vcv-lozad\" data-src=\"https:\/\/soin-energie.com\/wp-content\/uploads\/2022\/02\/soin-reboost-energetique.png\" width=\"1024\" height=\"1024\" src=\"\" data-img-src=\"https:\/\/soin-energie.com\/wp-content\/uploads\/2022\/02\/soin-reboost-energetique.png\" alt=\"\" title=\"soin-reboost-energetique\" \/><noscript>\n        <img loading=\"lazy\" class=\"vce-single-image\" src=\"https:\/\/soin-energie.com\/wp-content\/uploads\/2022\/02\/soin-reboost-energetique.png\" width=\"1024\" height=\"1024\" alt=\"\" title=\"soin-reboost-energetique\" \/>\n      <\/noscript><\/a><figcaption hidden=\"\"><\/figcaption><\/figure><\/div><\/div><\/div><\/div><\/div><div class=\"vce-col vce-col--md-auto vce-col--xs-1 vce-col--xs-last vce-col--xs-first vce-col--sm-last vce-col--sm-first vce-col--md-last vce-col--lg-last vce-col--xl-last\" id=\"el-ef344735\"><div class=\"vce-col-inner\" data-vce-do-apply=\"border margin background  el-ef344735\"><div class=\"vce-col-content\" data-vce-element-content=\"true\" data-vce-do-apply=\"padding el-ef344735\"><div class=\"vce-single-image-container vce-single-image--align-left\"><div class=\"vce vce-single-image-wrapper\" id=\"el-6daf92e0\" data-vce-do-apply=\"all el-6daf92e0\"><figure><a href=\"https:\/\/soin-energie.com\/index.php\/nettoyage-du-lieu-de-vie\/\" title=\"\" class=\"vce-single-image-inner vce-single-image--absolute\" style=\"padding-bottom: 100%; width: 1024px;\"><img loading=\"lazy\" class=\"vce-single-image vcv-lozad\" data-src=\"https:\/\/soin-energie.com\/wp-content\/uploads\/2022\/02\/nettoyage-energetique-habitat-geobiologie.png\" width=\"1024\" height=\"1024\" src=\"\" data-img-src=\"https:\/\/soin-energie.com\/wp-content\/uploads\/2022\/02\/nettoyage-energetique-habitat-geobiologie.png\" alt=\"\" title=\"nettoyage-energetique-habitat-geobiologie\" \/><noscript>\n        <img loading=\"lazy\" class=\"vce-single-image\" src=\"https:\/\/soin-energie.com\/wp-content\/uploads\/2022\/02\/nettoyage-energetique-habitat-geobiologie.png\" width=\"1024\" height=\"1024\" alt=\"\" title=\"nettoyage-energetique-habitat-geobiologie\" \/>\n      <\/noscript><\/a><figcaption hidden=\"\"><\/figcaption><\/figure><\/div><\/div><\/div><\/div><\/div><\/div><\/div><\/div><div class=\"vce-row-container\" data-vce-boxed-width=\"true\"><div class=\"vce-row vce-row--col-gap-30 vce-row-equal-height vce-row-content--top\" id=\"el-6e08ec6f\" data-vce-do-apply=\"all el-6e08ec6f\"><div class=\"vce-row-content\" data-vce-element-content=\"true\"><div class=\"vce-col vce-col--md-auto vce-col--xs-1 vce-col--xs-last vce-col--xs-first vce-col--sm-last vce-col--sm-first vce-col--md-first vce-col--lg-first vce-col--xl-first\" id=\"el-b4fc7a11\"><div class=\"vce-col-inner\" data-vce-do-apply=\"border margin background  el-b4fc7a11\"><div class=\"vce-col-content\" data-vce-element-content=\"true\" data-vce-do-apply=\"padding el-b4fc7a11\"><\/div><\/div><\/div><div class=\"vce-col vce-col--md-auto vce-col--xs-1 vce-col--xs-last vce-col--xs-first vce-col--sm-last vce-col--sm-first\" id=\"el-10b7d898\"><div class=\"vce-col-inner\" data-vce-do-apply=\"border margin background  el-10b7d898\"><div class=\"vce-col-content\" data-vce-element-content=\"true\" data-vce-do-apply=\"padding el-10b7d898\"><div class=\"vce-single-image-container vce-single-image--align-left\"><div class=\"vce vce-single-image-wrapper\" id=\"el-8efb38d0\" data-vce-do-apply=\"all el-8efb38d0\"><figure><a href=\"https:\/\/soin-energie.com\/index.php\/accompagnement\/\" title=\"\" class=\"vce-single-image-inner vce-single-image--absolute\" style=\"padding-bottom: 100%; width: 1024px;\"><img loading=\"lazy\" class=\"vce-single-image vcv-lozad\" data-src=\"https:\/\/soin-energie.com\/wp-content\/uploads\/2022\/02\/coaching-holistique.png\" width=\"1024\" height=\"1024\" src=\"\" data-img-src=\"https:\/\/soin-energie.com\/wp-content\/uploads\/2022\/02\/coaching-holistique.png\" alt=\"\" title=\"coaching-holistique\" \/><noscript>\n        <img loading=\"lazy\" class=\"vce-single-image\" src=\"https:\/\/soin-energie.com\/wp-content\/uploads\/2022\/02\/coaching-holistique.png\" width=\"1024\" height=\"1024\" alt=\"\" title=\"coaching-holistique\" \/>\n      <\/noscript><\/a><figcaption hidden=\"\"><\/figcaption><\/figure><\/div><\/div><\/div><\/div><\/div><div class=\"vce-col vce-col--md-auto vce-col--xs-1 vce-col--xs-last vce-col--xs-first vce-col--sm-last vce-col--sm-first vce-col--md-last vce-col--lg-last vce-col--xl-last\" id=\"el-80e2b4cb\"><div class=\"vce-col-inner\" data-vce-do-apply=\"border margin background  el-80e2b4cb\"><div class=\"vce-col-content\" data-vce-element-content=\"true\" data-vce-do-apply=\"padding el-80e2b4cb\"><\/div><\/div><\/div><\/div><\/div><\/div>\n","protected":false},"excerpt":{"rendered":"","protected":false},"author":1,"featured_media":0,"parent":0,"menu_order":0,"comment_status":"closed","ping_status":"closed","template":"","meta":{"pmpro_default_level":0},"_links":{"self":[{"href":"https:\/\/soin-energie.com\/index.php\/wp-json\/wp\/v2\/pages\/83"}],"collection":[{"href":"https:\/\/soin-energie.com\/index.php\/wp-json\/wp\/v2\/pages"}],"about":[{"href":"https:\/\/soin-energie.com\/index.php\/wp-json\/wp\/v2\/types\/page"}],"author":[{"embeddable":true,"href":"https:\/\/soin-energie.com\/index.php\/wp-json\/wp\/v2\/users\/1"}],"replies":[{"embeddable":true,"href":"https:\/\/soin-energie.com\/index.php\/wp-json\/wp\/v2\/comments?post=83"}],"version-history":[{"count":96,"href":"https:\/\/soin-energie.com\/index.php\/wp-json\/wp\/v2\/pages\/83\/revisions"}],"predecessor-version":[{"id":2814,"href":"https:\/\/soin-energie.com\/index.php\/wp-json\/wp\/v2\/pages\/83\/revisions\/2814"}],"wp:attachment":[{"href":"https:\/\/soin-energie.com\/index.php\/wp-json\/wp\/v2\/media?parent=83"}],"curies":[{"name":"wp","href":"https:\/\/api.w.org\/{rel}","templated":true}]}}