{"id":62,"date":"2019-12-20T23:27:53","date_gmt":"2019-12-20T22:27:53","guid":{"rendered":"https:\/\/soin-energie.com\/?page_id=62"},"modified":"2019-12-30T22:02:50","modified_gmt":"2019-12-30T21:02:50","slug":"soins-energetiques-monaco","status":"publish","type":"page","link":"https:\/\/soin-energie.com\/index.php\/soins-energetiques-monaco\/","title":{"rendered":"Soins \u00e9nerg\u00e9tiques sur Monaco"},"content":{"rendered":"\n<p>Je me d\u00e9place \u00e0 votre domicile, sur votre bateau ou dans votre h\u00f4tel. Uniquement sur rendez-vous.<\/p>\n\n\n\n<h2>Travailler sur soi en \u00e9nerg\u00e9tique, <\/h2>\n\n\n\n<h2>C&#8217;est prendre soin de vous de l&#8217;int\u00e9rieur. <\/h2>\n\n\n\n<p>Nous avons tous conscience que notre corps est \u00e9nergie et que notre \u00e9nergie est vitale. C\u2019est pour cela que nous devons prendre soin de notre corps.<\/p>\n\n\n\n<p>J\u2019ai choisi le m\u00e9tier de domoth\u00e9rapeute et d&#8217;\u00e9nerg\u00e9ticienne de part mon parcours et le fait que je pouvais r\u00e9pondre \u00e0 un besoin sp\u00e9cifique dans son ensemble : harmoniser l\u2019\u00e9nergie qui se situe dans le corps et le lieu o\u00f9 vous s\u00e9journer.<\/p>\n\n\n\n<hr class=\"wp-block-separator\"\/>\n\n\n\n<div class=\"wp-block-columns\">\n<div class=\"wp-block-column\">\n<figure class=\"wp-block-image\"><img loading=\"lazy\" width=\"1024\" height=\"684\" src=\"https:\/\/soin-energie.com\/wp-content\/uploads\/2019\/12\/pierres-chakras-energie-bionenergie-5-1024x684.jpg\" alt=\"\" class=\"wp-image-90\" srcset=\"https:\/\/soin-energie.com\/wp-content\/uploads\/2019\/12\/pierres-chakras-energie-bionenergie-5-1024x684.jpg 1024w, https:\/\/soin-energie.com\/wp-content\/uploads\/2019\/12\/pierres-chakras-energie-bionenergie-5-300x200.jpg 300w, https:\/\/soin-energie.com\/wp-content\/uploads\/2019\/12\/pierres-chakras-energie-bionenergie-5-768x513.jpg 768w, https:\/\/soin-energie.com\/wp-content\/uploads\/2019\/12\/pierres-chakras-energie-bionenergie-5-1140x761.jpg 1140w\" sizes=\"(max-width: 1024px) 100vw, 1024px\" \/><\/figure>\n<\/div>\n\n\n\n<div class=\"wp-block-column\">\n<h2>Soins \u00e9nerg\u00e9tiques :<\/h2>\n\n\n\n<p><a href=\"https:\/\/soin-energie.com\/index.php\/soins-energetiques\/\"><strong>Soin \u00e9nerg\u00e9tique Chakras<\/strong>&nbsp;: en savoir +<\/a><\/p>\n\n\n\n<p><a href=\"https:\/\/soin-energie.com\/index.php\/soins-energetiques\/\"><strong>Nettoyage&nbsp;\u00e9nerg\u00e9tique<\/strong>&nbsp;: en savoir +<\/a><\/p>\n\n\n\n<p><a href=\"https:\/\/soin-energie.com\/index.php\/soins-energetiques\/\"><strong>Accompagnement&nbsp;Guidance<\/strong>&nbsp;: en savoir +<\/a><\/p>\n\n\n\n<p><strong><a href=\"https:\/\/soin-energie.com\/index.php\/soins-energetiques\/\">Nettoyage&nbsp;du&nbsp;lieu&nbsp;de&nbsp;vie<\/a><\/strong><a href=\"https:\/\/soin-energie.com\/index.php\/soins-energetiques\/\">&nbsp;: en savoir +<\/a><\/p>\n\n\n\n<p><a href=\"https:\/\/designfrancais.com\/geobiologie\/\" target=\"_blank\" rel=\"noreferrer noopener\"><strong>G\u00e9obiologie<\/strong>&nbsp;: en savoir +<\/a><\/p>\n<\/div>\n<\/div>\n\n\n\n<hr class=\"wp-block-separator\"\/>\n\n\n\n<p><\/p>\n\n\n\n<p><strong>Me contacter par le formulaire ci-apr\u00e8s ou par t\u00e9l\u00e9phone au :<\/strong><\/p>\n\n\n\n<h2>+33(0)633 780 336<\/h2>\n\n\n\n<div role=\"form\" class=\"wpcf7\" id=\"wpcf7-f111-o1\" lang=\"fr-FR\" dir=\"ltr\">\n<div class=\"screen-reader-response\"><p role=\"status\" aria-live=\"polite\" aria-atomic=\"true\"><\/p> <ul><\/ul><\/div>\n<form action=\"\/index.php\/wp-json\/wp\/v2\/pages\/62#wpcf7-f111-o1\" method=\"post\" class=\"wpcf7-form init\" novalidate=\"novalidate\" data-status=\"init\">\n<div style=\"display: none;\">\n<input type=\"hidden\" name=\"_wpcf7\" value=\"111\" \/>\n<input type=\"hidden\" name=\"_wpcf7_version\" value=\"5.3.2\" \/>\n<input type=\"hidden\" name=\"_wpcf7_locale\" value=\"fr_FR\" \/>\n<input type=\"hidden\" name=\"_wpcf7_unit_tag\" value=\"wpcf7-f111-o1\" \/>\n<input type=\"hidden\" name=\"_wpcf7_container_post\" value=\"0\" \/>\n<input type=\"hidden\" name=\"_wpcf7_posted_data_hash\" value=\"\" \/>\n<input type=\"hidden\" name=\"_wpcf7_recaptcha_response\" value=\"\" \/>\n<\/div>\n<p><label> Votre nom (obligatoire)<br \/>\n    <span class=\"wpcf7-form-control-wrap your-name\"><input type=\"text\" name=\"your-name\" value=\"\" size=\"40\" class=\"wpcf7-form-control wpcf7-text wpcf7-validates-as-required\" aria-required=\"true\" aria-invalid=\"false\" \/><\/span> <\/label><\/p>\n<p><label> Votre adresse de messagerie (obligatoire)<br \/>\n    <span class=\"wpcf7-form-control-wrap your-email\"><input type=\"email\" name=\"your-email\" value=\"\" size=\"40\" class=\"wpcf7-form-control wpcf7-text wpcf7-email wpcf7-validates-as-required wpcf7-validates-as-email\" aria-required=\"true\" aria-invalid=\"false\" \/><\/span> <\/label><\/p>\n<p><label> T\u00e9l\u00e9phone pour vous rappeler<br \/>\n    <span class=\"wpcf7-form-control-wrap your-telephone\"><input type=\"text\" name=\"your-telephone\" value=\"\" size=\"40\" class=\"wpcf7-form-control wpcf7-text\" aria-invalid=\"false\" \/><\/span> <\/label><\/p>\n<p><label> Objet de votre demande<br \/>\n    <span class=\"wpcf7-form-control-wrap your-subject\"><input type=\"text\" name=\"your-subject\" value=\"\" size=\"40\" class=\"wpcf7-form-control wpcf7-text\" aria-invalid=\"false\" \/><\/span> <\/label><\/p>\n<p><label> Votre message<br \/>\n    <span class=\"wpcf7-form-control-wrap your-message\"><textarea name=\"your-message\" cols=\"40\" rows=\"10\" class=\"wpcf7-form-control wpcf7-textarea\" aria-invalid=\"false\"><\/textarea><\/span> <\/label><\/p>\n<p><input type=\"submit\" value=\"Envoyer\" class=\"wpcf7-form-control wpcf7-submit\" \/><\/p>\n<input type=\"hidden\" id=\"ct_checkjs_cf7_f7177163c833dff4b38fc8d2872f1ec6\" name=\"ct_checkjs_cf7\" value=\"0\" \/><script type=\"text\/javascript\" >window.addEventListener(\"DOMContentLoaded\", function () {setTimeout(function(){                    apbct_public_sendAJAX(                        {action: \"apbct_js_keys__get\"},                        {callback: apbct_js_keys__set_input_value, input_name: \"ct_checkjs_cf7_f7177163c833dff4b38fc8d2872f1ec6\",silent: true, no_nonce: true}                    );                }, 1000);});<\/script><div class=\"wpcf7-response-output\" aria-hidden=\"true\"><\/div><\/form><\/div>\n","protected":false},"excerpt":{"rendered":"<p>Je me d\u00e9place \u00e0 votre domicile, sur votre bateau ou dans votre h\u00f4tel. Uniquement sur rendez-vous. Travailler sur soi en \u00e9nerg\u00e9tique, C&#8217;est prendre soin de vous de l&#8217;int\u00e9rieur. Nous avons tous conscience que notre corps est \u00e9nergie et que notre \u00e9nergie est vitale. C\u2019est pour cela que nous devons prendre soin de notre corps. J\u2019ai choisi le m\u00e9tier de domoth\u00e9rapeute et d&#8217;\u00e9nerg\u00e9ticienne de part mon parcours et le fait que je pouvais r\u00e9pondre \u00e0 un besoin sp\u00e9cifique dans son ensemble : harmoniser l\u2019\u00e9nergie qui se situe dans le corps et le lieu o\u00f9 vous s\u00e9journer. Soins \u00e9nerg\u00e9tiques : Soin \u00e9nerg\u00e9tique Chakras&nbsp;: en savoir + Nettoyage&nbsp;\u00e9nerg\u00e9tique&nbsp;: en savoir + Accompagnement&nbsp;Guidance&nbsp;: en savoir + Nettoyage&nbsp;du&nbsp;lieu&nbsp;de&nbsp;vie&nbsp;: en savoir + G\u00e9obiologie&nbsp;: en savoir + Me contacter par le formulaire ci-apr\u00e8s ou par t\u00e9l\u00e9phone au : +33(0)633 780 336<\/p>\n","protected":false},"author":1,"featured_media":0,"parent":0,"menu_order":0,"comment_status":"closed","ping_status":"closed","template":"","meta":{"pmpro_default_level":0},"_links":{"self":[{"href":"https:\/\/soin-energie.com\/index.php\/wp-json\/wp\/v2\/pages\/62"}],"collection":[{"href":"https:\/\/soin-energie.com\/index.php\/wp-json\/wp\/v2\/pages"}],"about":[{"href":"https:\/\/soin-energie.com\/index.php\/wp-json\/wp\/v2\/types\/page"}],"author":[{"embeddable":true,"href":"https:\/\/soin-energie.com\/index.php\/wp-json\/wp\/v2\/users\/1"}],"replies":[{"embeddable":true,"href":"https:\/\/soin-energie.com\/index.php\/wp-json\/wp\/v2\/comments?post=62"}],"version-history":[{"count":5,"href":"https:\/\/soin-energie.com\/index.php\/wp-json\/wp\/v2\/pages\/62\/revisions"}],"predecessor-version":[{"id":173,"href":"https:\/\/soin-energie.com\/index.php\/wp-json\/wp\/v2\/pages\/62\/revisions\/173"}],"wp:attachment":[{"href":"https:\/\/soin-energie.com\/index.php\/wp-json\/wp\/v2\/media?parent=62"}],"curies":[{"name":"wp","href":"https:\/\/api.w.org\/{rel}","templated":true}]}}