{"id":442,"date":"2020-08-07T16:00:24","date_gmt":"2020-08-07T14:00:24","guid":{"rendered":"https:\/\/soin-energie.com\/?page_id=442"},"modified":"2025-01-04T15:37:15","modified_gmt":"2025-01-04T14:37:15","slug":"degagement","status":"publish","type":"page","link":"https:\/\/soin-energie.com\/index.php\/degagement\/","title":{"rendered":"Soin de D\u00e9gagement Bio&#8217;Quantique"},"content":{"rendered":"<div class=\"vce-row-container\" data-vce-boxed-width=\"true\"><div class=\"vce-row vce-row--col-gap-30 vce-row-content--top\" id=\"el-b256806d\" data-vce-do-apply=\"all el-b256806d\"><div class=\"vce-row-content\" data-vce-element-content=\"true\"><div class=\"vce-col vce-col--md-auto vce-col--xs-1 vce-col--xs-last vce-col--xs-first vce-col--sm-last vce-col--sm-first vce-col--md-last vce-col--lg-last vce-col--xl-last vce-col--md-first vce-col--lg-first vce-col--xl-first\" id=\"el-afb4c9de\"><div class=\"vce-col-inner\" data-vce-do-apply=\"border margin background  el-afb4c9de\"><div class=\"vce-content-background-container\"><\/div><div class=\"vce-col-content\" data-vce-element-content=\"true\" data-vce-do-apply=\"padding el-afb4c9de\"><div class=\"vce-text-block\"><div class=\"vce-text-block-wrapper vce\" id=\"el-5b3120aa\" data-vce-do-apply=\"all el-5b3120aa\"><p><strong>D\u00e9gagement de tous types de MEMEP :&nbsp;<\/strong>Magies Mal\u00e9dictions Envoutements \u00c9gr\u00e9gors Possession et Entit\u00e9s superieures<\/p><p>Sur tous les plans temporels :<\/p><p>- Transg\u00e9n\u00e9rationnel<\/p><p>- Vies ant\u00e9rieures<\/p><p>- Dans cette vie<\/p><p>Puis seront lib\u00e9r\u00e9s les \u00e9nergies discordantes pr\u00e9sentes : entit\u00e9s, parasites, objets karmiques...<\/p><p>Apres le d\u00e9gagement nous travaillons en lib\u00e9ration, nettoyage et r\u00e9\u00e9quilibrage sur vos corps subtils.<\/p><p><strong>Comment le soin va se d\u00e9rouler ?<\/strong><\/p><p>Le soin se fait uniquement \u00e0 distance et sur une semaine, en une ou plusieurs interventions.<\/p><p>Il me faut pour cela le questionnaire rempli en amont du soin + photo de votre visage sans lunette. La photo doit \u00eatre du jour m\u00eame de la p\u00e9riode indiqu\u00e9e.<\/p><p>D\u00e8s que le soin est termin\u00e9 vous recevez des audios pour vous expliquer en d\u00e9tail apr\u00e8s le soin ce qui a \u00e9t\u00e9 fait.<\/p><p>Nous nous appelons afin de debriefer sur ce qui a \u00e9t\u00e9 retir\u00e9 et r\u00e9pondre \u00e0 vos questions.<\/p><p><strong>D\u00e9roulement d'un soin :&nbsp;<\/strong><\/p><p>Nous fixons la semaine de soin ensemble.<\/p><p><strong>Dur\u00e9e : sur une semaine<\/strong><\/p><ul><li style=\"letter-spacing: normal; color: #000000;\">Il vous sera demand\u00e9 :<br>\u2043 Une photo du jour du soin avec vos yeux bien visibles sans lunettes<br>\u2043 Un questionnaire \u00e0 me retourner&nbsp;Je vous contacterai avant le soin pour \u00eatre certaine que vous \u00eates bien disponible aux horaires convenus ensemble. Vous recevrez un r\u00e9sum\u00e9 du soin par message puis nous nous contacterons 24\/48h apr\u00e8s pour voir comment vous vous sentez.<\/li><\/ul><p>Pour le paiement, il doit \u00eatre fait avant le soin. Il peut se faire : &nbsp;soit par paypal (voir bouton) ou par rib&nbsp;<\/p><p><strong>Doit on refaire un soin apr\u00e8s ?<\/strong><br>Le soin est tr\u00e8s complet et il vous est recommand\u00e9 d'\u00e9viter tout autre soin pendant les 21 jours suivants. Votre corps n en absorberait qu'une partie.<\/p><p>Il est rare qu'il faille un deuxi\u00e8me soin sauf dans les cas de possession mais cela vous sera pr\u00e9cis\u00e9 au cas par cas.<\/p><p><strong>Comment s'y pr\u00e9parer ?<\/strong><\/p><p>Nous vous indiquons la p\u00e9riode dans laquelle le soin est fait sans pour autant avoir l'heure exacte.<\/p><p>Pourquoi? Dans le cadre de possessions ou d'entit\u00e9s sup\u00e9rieures cela permet d'\u00e9viter les blocages conscients des \u00e9nergies.<\/p><p>D\u00e8s que le soin est termin\u00e9 vous recevez des audios r\u00e9sumant le travail effectu\u00e9.<\/p><p>&nbsp;Des guidances peuvent aussi \u00eatre ajout\u00e9es concernant le transg\u00e9n\u00e9rationnel et sur vos vies ant\u00e9rieures afin de vous apporter des r\u00e9ponses plus pr\u00e9cises, si demande particuli\u00e8re.<\/p><p>Tarif 170\u20ac TTC<\/p><\/div><\/div><div class=\"vce-row-container\" data-vce-boxed-width=\"true\"><div class=\"vce-row vce-row--col-gap-30 vce-row-content--top\" id=\"el-ebddb311\" data-vce-do-apply=\"all el-ebddb311\"><div class=\"vce-row-content\" data-vce-element-content=\"true\"><div class=\"vce-col vce-col--md-auto vce-col--xs-1 vce-col--xs-last vce-col--xs-first vce-col--sm-last vce-col--sm-first vce-col--md-last vce-col--lg-last vce-col--xl-last vce-col--md-first vce-col--lg-first vce-col--xl-first\" id=\"el-a4db853b\"><div class=\"vce-col-inner\" data-vce-do-apply=\"border margin background  el-a4db853b\"><div class=\"vce-col-content\" data-vce-element-content=\"true\" data-vce-do-apply=\"padding el-a4db853b\"><div class=\"vce-button--style-basic-container vce-button--style-basic-container--align-center\"><span class=\"vce-button--style-basic-wrapper vce\" id=\"el-1eb707dc\" data-vce-do-apply=\"margin el-1eb707dc\"><a class=\"vce-button--style-basic vce-button--style-basic--border-square vce-button--style-basic--size-medium vce-button--style-basic--color-557cbf--fff\" href=\"https:\/\/www.paypal.com\/ncp\/payment\/36CJAGJ8RU5LL\" title=\"\" target=\"_blank\" data-vce-do-apply=\"padding border background  el-1eb707dc\" rel=\"noopener noreferrer\">R\u00e9server le soin <\/a><\/span><\/div><\/div><\/div><\/div><\/div><\/div><\/div><\/div><\/div><\/div><\/div><\/div><\/div><div class=\"vce-row-container\" data-vce-boxed-width=\"true\"><div class=\"vce-row vce-row--col-gap-30 vce-row-content--top\" id=\"el-5e2d78d8\" data-vce-do-apply=\"all el-5e2d78d8\"><div class=\"vce-row-content\" data-vce-element-content=\"true\"><div class=\"vce-col vce-col--md-auto vce-col--xs-1 vce-col--xs-last vce-col--xs-first vce-col--sm-last vce-col--sm-first vce-col--md-last vce-col--lg-last vce-col--xl-last vce-col--md-first vce-col--lg-first vce-col--xl-first\" id=\"el-a8821493\"><div class=\"vce-col-inner\" data-vce-do-apply=\"border margin background  el-a8821493\"><div class=\"vce-col-content\" data-vce-element-content=\"true\" data-vce-do-apply=\"padding el-a8821493\"><\/div><\/div><\/div><\/div><\/div><\/div>\n","protected":false},"excerpt":{"rendered":"<p>D\u00e9gagement de tous types de MEMEP :&nbsp;Magies Mal\u00e9dictions Envoutements \u00c9gr\u00e9gors Possession et Entit\u00e9s superieuresSur tous les plans temporels :- Transg\u00e9n\u00e9rationnel- Vies ant\u00e9rieures- Dans cette viePuis seront lib\u00e9r\u00e9s les \u00e9nergies discordantes pr\u00e9sentes : entit\u00e9s, parasites, objets karmiques&#8230;Apres le d\u00e9gagement nous travaillons en lib\u00e9ration, nettoyage et r\u00e9\u00e9quilibrage sur vos corps subtils.Comment le soin va se d\u00e9rouler ?Le soin se fait uniquement \u00e0 distance et sur une semaine, en une ou plusieurs interventions.Il me faut pour cela le questionnaire rempli en amont du soin + photo de votre visage sans lunette. La photo doit \u00eatre du jour m\u00eame de la p\u00e9riode indiqu\u00e9e.D\u00e8s que le soin est termin\u00e9 vous recevez des audios pour vous expliquer en d\u00e9tail apr\u00e8s le soin ce qui a \u00e9t\u00e9 fait.Nous nous appelons afin de debriefer sur ce qui a \u00e9t\u00e9 retir\u00e9 et r\u00e9pondre \u00e0 vos questions.D\u00e9roulement d&#8217;un soin :&nbsp;Nous fixons la semaine de soin ensemble.Dur\u00e9e : sur une semaineIl vous sera demand\u00e9 :\u2043 Une photo du jour du soin avec vos yeux bien visibles sans lunettes\u2043 Un questionnaire \u00e0 me retourner&nbsp;Je vous contacterai avant le soin pour \u00eatre certaine que vous \u00eates bien disponible aux horaires convenus ensemble. Vous recevrez un r\u00e9sum\u00e9 du soin par message puis nous nous contacterons 24\/48h apr\u00e8s pour voir comment vous vous sentez.Pour le paiement, il doit \u00eatre fait avant le soin. Il peut se faire : &nbsp;soit par paypal (voir bouton) ou par rib&nbsp;Doit on refaire un soin apr\u00e8s ?Le soin est tr\u00e8s complet et il vous est recommand\u00e9 d&#8217;\u00e9viter tout autre soin pendant les 21 jours suivants. Votre corps n en absorberait qu&#8217;une partie.Il est rare qu&#8217;il faille un deuxi\u00e8me soin sauf dans les cas de possession mais cela vous sera pr\u00e9cis\u00e9 au cas par cas.Comment s&#8217;y pr\u00e9parer ?Nous vous indiquons la p\u00e9riode dans laquelle le soin est fait sans pour autant avoir l&#8217;heure exacte.Pourquoi? Dans le cadre de possessions ou d&#8217;entit\u00e9s sup\u00e9rieures cela permet d&#8217;\u00e9viter les blocages conscients des \u00e9nergies.D\u00e8s que le soin est termin\u00e9 vous recevez des audios r\u00e9sumant le travail effectu\u00e9.&nbsp;Des guidances peuvent aussi \u00eatre ajout\u00e9es concernant le transg\u00e9n\u00e9rationnel et sur vos vies ant\u00e9rieures afin de vous apporter des r\u00e9ponses plus pr\u00e9cises, si demande particuli\u00e8re.Tarif 170\u20ac TTCR\u00e9server le soin<\/p>\n","protected":false},"author":1,"featured_media":0,"parent":0,"menu_order":0,"comment_status":"closed","ping_status":"closed","template":"","meta":{"pmpro_default_level":0},"_links":{"self":[{"href":"https:\/\/soin-energie.com\/index.php\/wp-json\/wp\/v2\/pages\/442"}],"collection":[{"href":"https:\/\/soin-energie.com\/index.php\/wp-json\/wp\/v2\/pages"}],"about":[{"href":"https:\/\/soin-energie.com\/index.php\/wp-json\/wp\/v2\/types\/page"}],"author":[{"embeddable":true,"href":"https:\/\/soin-energie.com\/index.php\/wp-json\/wp\/v2\/users\/1"}],"replies":[{"embeddable":true,"href":"https:\/\/soin-energie.com\/index.php\/wp-json\/wp\/v2\/comments?post=442"}],"version-history":[{"count":37,"href":"https:\/\/soin-energie.com\/index.php\/wp-json\/wp\/v2\/pages\/442\/revisions"}],"predecessor-version":[{"id":2845,"href":"https:\/\/soin-energie.com\/index.php\/wp-json\/wp\/v2\/pages\/442\/revisions\/2845"}],"wp:attachment":[{"href":"https:\/\/soin-energie.com\/index.php\/wp-json\/wp\/v2\/media?parent=442"}],"curies":[{"name":"wp","href":"https:\/\/api.w.org\/{rel}","templated":true}]}}