{"id":226,"date":"2020-04-15T20:57:30","date_gmt":"2020-04-15T18:57:30","guid":{"rendered":"https:\/\/soin-energie.com\/?page_id=226"},"modified":"2024-11-25T09:44:10","modified_gmt":"2024-11-25T08:44:10","slug":"accompagnement","status":"publish","type":"page","link":"https:\/\/soin-energie.com\/index.php\/accompagnement\/","title":{"rendered":"Le coaching d&#8217;illuminessence"},"content":{"rendered":"<div class=\"vce-row-container\" data-vce-boxed-width=\"true\"><div class=\"vce-row vce-row--col-gap-30 vce-row-content--top\" id=\"el-89cd0677\" data-vce-do-apply=\"all el-89cd0677\"><div class=\"vce-row-content\" data-vce-element-content=\"true\"><div class=\"vce-col vce-col--md-auto vce-col--xs-1 vce-col--xs-last vce-col--xs-first vce-col--sm-last vce-col--sm-first vce-col--md-first vce-col--lg-first vce-col--xl-first\" id=\"el-5cad21e6\"><div class=\"vce-col-inner\" data-vce-do-apply=\"border margin background  el-5cad21e6\"><div class=\"vce-col-content\" data-vce-element-content=\"true\" data-vce-do-apply=\"padding el-5cad21e6\"><div class=\"vce-text-block\"><div class=\"vce-text-block-wrapper vce\" id=\"el-f12d7202\" data-vce-do-apply=\"all el-f12d7202\"><ul><li>Accompagnement individuel sur mesure&nbsp;<\/li><li>Mise en lumi\u00e8re de votre plein potentiel&nbsp;<\/li><li>Analyse de vos croyances limitantes<\/li><li>Reconnexion \u00e0 votre mission de vie&nbsp;<\/li><li>Lecture d\u2019\u00e2me&nbsp;<\/li><\/ul><h4><em>Quels sont mes outils ?<\/em><\/h4><ul><li>D\u00e9veloppement personnel&nbsp;&nbsp;<\/li><li>Reprogrammations neurologiques&nbsp;<\/li><li>Soins vibratoires et bio\u00e9nerg\u00e9tiques&nbsp;&nbsp;<\/li><li>D\u00e9blocages karmiques&nbsp;<\/li><li>Guidances et canalisations<\/li><li>Rituels et exercices de lib\u00e9ration&nbsp;<\/li><\/ul><\/div><\/div><\/div><\/div><\/div><div class=\"vce-col vce-col--md-auto vce-col--xs-1 vce-col--xs-last vce-col--xs-first vce-col--sm-last vce-col--sm-first vce-col--md-last vce-col--lg-last vce-col--xl-last\" id=\"el-26eeffc8\"><div class=\"vce-col-inner\" data-vce-do-apply=\"border margin background  el-26eeffc8\"><div class=\"vce-col-content\" data-vce-element-content=\"true\" data-vce-do-apply=\"padding el-26eeffc8\"><div class=\"vce-text-block\"><div class=\"vce-text-block-wrapper vce\" id=\"el-32ce58b1\" data-vce-do-apply=\"all el-32ce58b1\"><h4><em>Quel type d'accompagnatrice suis-je ?<\/em><\/h4><p>Le coaching d\u2019illuminessence consiste \u00e0 vous sublimer dans votre unicit\u00e9 et l\u2019int\u00e9gralit\u00e9 de votre \u00eatre : \u00e2me, corps et esprit.&nbsp;<\/p><p>Nous irons vous autoriser \u00e0 briller dans votre mission de vie, vos r\u00eaves et votre r\u00e9alisation : personnelle et professionnelle.&nbsp;<\/p><p>A la diff\u00e9rence du coaching classique, le coaching holistique <span style=\"letter-spacing: 0px;\">est la prise en charge globale de l\u2019Etre humain qui consiste \u00e0 nourrir, apaiser, r\u00e9harmoniser les \u00e9nergies du Corps, de l\u2019\u00c2me et de l\u2019Esprit. Tout \u00e9tant reli\u00e9 et de part, mon m\u00e9tier en \u00e9nerg\u00e9tique, je vous apporte une analyse globale et vous accompagne pour un r\u00e9sultat durable<\/span><\/p><p><strong>Alors que diriez-vous de vous reconnecter \u00e0 vous ? Le vrai VOUS...<\/strong><\/p><h4><em>Ma mission ?<\/em><\/h4><ul><li>Vous <span style=\"letter-spacing: 0px;\">reconnecter \u00e0 vous-m\u00eame :&nbsp;<\/span><span style=\"letter-spacing: 0px;\">en vous <\/span>guidant dans votre ouverture spirituelle pour vous permettre de rejoindre votre mission de vie<\/li><li><span style=\"letter-spacing: 0px;\">Vous<\/span><span style=\"letter-spacing: 0px;\"> aider dans votre \"lib\u00e9ration\" (psychologique comme physique)<\/span><\/li><\/ul><\/div><\/div><\/div><\/div><\/div><\/div><\/div><\/div><div class=\"vce-row-container\" data-vce-boxed-width=\"true\"><div class=\"vce-row vce-row--col-gap-30 vce-row-content--top\" id=\"el-e33ec321\" data-vce-do-apply=\"all el-e33ec321\"><div class=\"vce-row-content\" data-vce-element-content=\"true\"><div class=\"vce-col vce-col--md-auto vce-col--xs-1 vce-col--xs-last vce-col--xs-first vce-col--sm-last vce-col--sm-first vce-col--md-last vce-col--lg-last vce-col--xl-last vce-col--md-first vce-col--lg-first vce-col--xl-first\" id=\"el-61284e00\"><div class=\"vce-col-inner\" data-vce-do-apply=\"border margin background  el-61284e00\"><div class=\"vce-col-content\" data-vce-element-content=\"true\" data-vce-do-apply=\"padding el-61284e00\"><div class=\"vce-text-block\"><div class=\"vce-text-block-wrapper vce\" id=\"el-f2c78789\" data-vce-do-apply=\"all el-f2c78789\"><h4><em>O\u00f9, quand &amp; comment ?<\/em><\/h4><p>En visio sur zoom :<\/p><ul><li>Accompagnement 2h avec reprogrammations neurologiques : 222\u20ac<\/li><\/ul><\/div><\/div><\/div><\/div><\/div><\/div><\/div><\/div><div class=\"vce-row-container\" data-vce-boxed-width=\"true\"><div class=\"vce-row vce-row--col-gap-30 vce-row-content--top\" id=\"el-c4ad04a4\" data-vce-do-apply=\"all el-c4ad04a4\"><div class=\"vce-row-content\" data-vce-element-content=\"true\"><div class=\"vce-col vce-col--md-auto vce-col--xs-1 vce-col--xs-last vce-col--xs-first vce-col--sm-last vce-col--sm-first vce-col--md-last vce-col--lg-last vce-col--xl-last vce-col--md-first vce-col--lg-first vce-col--xl-first\" id=\"el-faded9bd\"><div class=\"vce-col-inner\" data-vce-do-apply=\"border margin background  el-faded9bd\"><div class=\"vce-col-content\" data-vce-element-content=\"true\" data-vce-do-apply=\"padding el-faded9bd\"><div class=\"vce-button--style-basic-container vce-button--style-basic-container--align-left\"><span class=\"vce-button--style-basic-wrapper vce\" id=\"el-f54891ab\" data-vce-do-apply=\"margin el-f54891ab\"><a class=\"vce-button--style-basic vce-button--style-basic--border-rounded vce-button--style-basic--size-medium vce-button--style-basic--color-557cbf--fff\" href=\"https:\/\/totem-chamanique.com\/products\/coaching-reprogrammation\" title=\"\" target=\"_blank\" data-vce-do-apply=\"padding border background  el-f54891ab\" rel=\"noopener noreferrer\">Prendre RDV<\/a><\/span><\/div><div class=\"vce-shortcode\"><div class=\"vce-shortcode-wrapper vce\" id=\"el-093017d0\" data-vce-do-apply=\"all el-093017d0\"><div role=\"form\" class=\"wpcf7\" id=\"wpcf7-f575-o1\" lang=\"fr-FR\" dir=\"ltr\">\n<div class=\"screen-reader-response\"><p role=\"status\" aria-live=\"polite\" aria-atomic=\"true\"><\/p> <ul><\/ul><\/div>\n<form action=\"\/index.php\/wp-json\/wp\/v2\/pages\/226#wpcf7-f575-o1\" method=\"post\" class=\"wpcf7-form init\" novalidate=\"novalidate\" data-status=\"init\">\n<div style=\"display: none;\">\n<input type=\"hidden\" name=\"_wpcf7\" value=\"575\" \/>\n<input type=\"hidden\" name=\"_wpcf7_version\" value=\"5.3.2\" \/>\n<input type=\"hidden\" name=\"_wpcf7_locale\" value=\"fr_FR\" \/>\n<input type=\"hidden\" name=\"_wpcf7_unit_tag\" value=\"wpcf7-f575-o1\" \/>\n<input type=\"hidden\" name=\"_wpcf7_container_post\" value=\"0\" \/>\n<input type=\"hidden\" name=\"_wpcf7_posted_data_hash\" value=\"\" \/>\n<input type=\"hidden\" name=\"_wpcf7_recaptcha_response\" value=\"\" \/>\n<\/div>\n<p><label> Votre nom (obligatoire)<br \/>\n    <span class=\"wpcf7-form-control-wrap your-name\"><input type=\"text\" name=\"your-name\" value=\"\" size=\"40\" class=\"wpcf7-form-control wpcf7-text wpcf7-validates-as-required\" aria-required=\"true\" aria-invalid=\"false\" \/><\/span> <\/label><\/p>\n<p><label> T\u00e9l\u00e9phone pour vous rappeler<br \/>\n    <span class=\"wpcf7-form-control-wrap your-telephone\"><input type=\"text\" name=\"your-telephone\" value=\"\" size=\"40\" class=\"wpcf7-form-control wpcf7-text\" aria-invalid=\"false\" \/><\/span> <\/label><\/p>\n<p><label> Heures auxquelles vous souhaitez \u00eatre rappel\u00e9 :<br \/>\n    <span class=\"wpcf7-form-control-wrap your-subject\"><input type=\"text\" name=\"your-subject\" value=\"\" size=\"40\" class=\"wpcf7-form-control wpcf7-text\" aria-invalid=\"false\" \/><\/span> <\/label><\/p>\n<p><input type=\"submit\" value=\"Envoyer\" class=\"wpcf7-form-control wpcf7-submit\" \/><\/p>\n<input type=\"hidden\" id=\"ct_checkjs_cf7_d64a340bcb633f536d56e51874281454\" name=\"ct_checkjs_cf7\" value=\"0\" \/><script type=\"text\/javascript\" >window.addEventListener(\"DOMContentLoaded\", function () {setTimeout(function(){                    apbct_public_sendAJAX(                        {action: \"apbct_js_keys__get\"},                        {callback: apbct_js_keys__set_input_value, input_name: \"ct_checkjs_cf7_d64a340bcb633f536d56e51874281454\",silent: true, no_nonce: true}                    );                }, 1000);});<\/script><div class=\"wpcf7-response-output\" aria-hidden=\"true\"><\/div><\/form><\/div><\/div><\/div><\/div><\/div><\/div><\/div><\/div><\/div>\n","protected":false},"excerpt":{"rendered":"<p>Accompagnement individuel sur mesure&nbsp;Mise en lumi\u00e8re de votre plein potentiel&nbsp;Analyse de vos croyances limitantesReconnexion \u00e0 votre mission de vie&nbsp;Lecture d\u2019\u00e2me&nbsp;Quels sont mes outils ?D\u00e9veloppement personnel&nbsp;&nbsp;Reprogrammations neurologiques&nbsp;Soins vibratoires et bio\u00e9nerg\u00e9tiques&nbsp;&nbsp;D\u00e9blocages karmiques&nbsp;Guidances et canalisationsRituels et exercices de lib\u00e9ration&nbsp;Quel type d&#8217;accompagnatrice suis-je ?Le coaching d\u2019illuminessence consiste \u00e0 vous sublimer dans votre unicit\u00e9 et l\u2019int\u00e9gralit\u00e9 de votre \u00eatre : \u00e2me, corps et esprit.&nbsp;Nous irons vous autoriser \u00e0 briller dans votre mission de vie, vos r\u00eaves et votre r\u00e9alisation : personnelle et professionnelle.&nbsp;A la diff\u00e9rence du coaching classique, le coaching holistique est la prise en charge globale de l\u2019Etre humain qui consiste \u00e0 nourrir, apaiser, r\u00e9harmoniser les \u00e9nergies du Corps, de l\u2019\u00c2me et de l\u2019Esprit. Tout \u00e9tant reli\u00e9 et de part, mon m\u00e9tier en \u00e9nerg\u00e9tique, je vous apporte une analyse globale et vous accompagne pour un r\u00e9sultat durableAlors que diriez-vous de vous reconnecter \u00e0 vous ? Le vrai VOUS&#8230;Ma mission ?Vous reconnecter \u00e0 vous-m\u00eame :&nbsp;en vous guidant dans votre ouverture spirituelle pour vous permettre de rejoindre votre mission de vieVous aider dans votre &#8220;lib\u00e9ration&#8221; (psychologique comme physique)O\u00f9, quand &amp; comment ?En visio sur zoom :Accompagnement 2h avec reprogrammations neurologiques : 222\u20acPrendre RDV<\/p>\n","protected":false},"author":1,"featured_media":0,"parent":0,"menu_order":0,"comment_status":"closed","ping_status":"closed","template":"","meta":{"pmpro_default_level":0},"_links":{"self":[{"href":"https:\/\/soin-energie.com\/index.php\/wp-json\/wp\/v2\/pages\/226"}],"collection":[{"href":"https:\/\/soin-energie.com\/index.php\/wp-json\/wp\/v2\/pages"}],"about":[{"href":"https:\/\/soin-energie.com\/index.php\/wp-json\/wp\/v2\/types\/page"}],"author":[{"embeddable":true,"href":"https:\/\/soin-energie.com\/index.php\/wp-json\/wp\/v2\/users\/1"}],"replies":[{"embeddable":true,"href":"https:\/\/soin-energie.com\/index.php\/wp-json\/wp\/v2\/comments?post=226"}],"version-history":[{"count":31,"href":"https:\/\/soin-energie.com\/index.php\/wp-json\/wp\/v2\/pages\/226\/revisions"}],"predecessor-version":[{"id":2836,"href":"https:\/\/soin-energie.com\/index.php\/wp-json\/wp\/v2\/pages\/226\/revisions\/2836"}],"wp:attachment":[{"href":"https:\/\/soin-energie.com\/index.php\/wp-json\/wp\/v2\/media?parent=226"}],"curies":[{"name":"wp","href":"https:\/\/api.w.org\/{rel}","templated":true}]}}