{"id":1142,"date":"2020-12-07T17:24:03","date_gmt":"2020-12-07T16:24:03","guid":{"rendered":"https:\/\/soin-energie.com\/?page_id=1142"},"modified":"2020-12-07T17:27:29","modified_gmt":"2020-12-07T16:27:29","slug":"messager-du-passage-dames","status":"publish","type":"page","link":"https:\/\/soin-energie.com\/index.php\/messager-du-passage-dames\/","title":{"rendered":"Messager du passage d&#8217;\u00e2mes"},"content":{"rendered":"<div class=\"pmpro_content_message\">Ce contenu est uniquement r\u00e9serv\u00e9 aux membres Oracle Messagers de lumi\u00e8re.<br \/><a href=\"https:\/\/soin-energie.com\/index.php\/login\/\">Se connecter<\/a> <a href=\"https:\/\/soin-energie.com\/index.php\/compte-dadherent\/niveaux-dadhesion\/\">S\u2019abonner maintenant<\/a><\/div>\n","protected":false},"excerpt":{"rendered":"<div class=\"pmpro_content_message\">Ce contenu est uniquement r\u00e9serv\u00e9 aux membres Oracle Messagers de lumi\u00e8re.<br \/><a href=\"https:\/\/soin-energie.com\/index.php\/login\/\">Se connecter<\/a> <a href=\"https:\/\/soin-energie.com\/index.php\/compte-dadherent\/niveaux-dadhesion\/\">S\u2019abonner maintenant<\/a><\/div>","protected":false},"author":1,"featured_media":0,"parent":0,"menu_order":0,"comment_status":"closed","ping_status":"closed","template":"","meta":{"pmpro_default_level":0},"_links":{"self":[{"href":"https:\/\/soin-energie.com\/index.php\/wp-json\/wp\/v2\/pages\/1142"}],"collection":[{"href":"https:\/\/soin-energie.com\/index.php\/wp-json\/wp\/v2\/pages"}],"about":[{"href":"https:\/\/soin-energie.com\/index.php\/wp-json\/wp\/v2\/types\/page"}],"author":[{"embeddable":true,"href":"https:\/\/soin-energie.com\/index.php\/wp-json\/wp\/v2\/users\/1"}],"replies":[{"embeddable":true,"href":"https:\/\/soin-energie.com\/index.php\/wp-json\/wp\/v2\/comments?post=1142"}],"version-history":[{"count":2,"href":"https:\/\/soin-energie.com\/index.php\/wp-json\/wp\/v2\/pages\/1142\/revisions"}],"predecessor-version":[{"id":1145,"href":"https:\/\/soin-energie.com\/index.php\/wp-json\/wp\/v2\/pages\/1142\/revisions\/1145"}],"wp:attachment":[{"href":"https:\/\/soin-energie.com\/index.php\/wp-json\/wp\/v2\/media?parent=1142"}],"curies":[{"name":"wp","href":"https:\/\/api.w.org\/{rel}","templated":true}]}}