{"id":1132,"date":"2020-12-07T17:05:53","date_gmt":"2020-12-07T16:05:53","guid":{"rendered":"https:\/\/soin-energie.com\/?page_id=1132"},"modified":"2020-12-13T17:45:36","modified_gmt":"2020-12-13T16:45:36","slug":"messager-de-la-resilience","status":"publish","type":"page","link":"https:\/\/soin-energie.com\/index.php\/messager-de-la-resilience\/","title":{"rendered":"Messager de la r\u00e9silience"},"content":{"rendered":"<div class=\"pmpro_content_message\">Ce contenu est uniquement r\u00e9serv\u00e9 aux membres Oracle Messagers de lumi\u00e8re.<br \/><a href=\"https:\/\/soin-energie.com\/index.php\/login\/\">Se connecter<\/a> <a href=\"https:\/\/soin-energie.com\/index.php\/compte-dadherent\/niveaux-dadhesion\/\">S\u2019abonner maintenant<\/a><\/div>\n","protected":false},"excerpt":{"rendered":"<div class=\"pmpro_content_message\">Ce contenu est uniquement r\u00e9serv\u00e9 aux membres Oracle Messagers de lumi\u00e8re.<br \/><a href=\"https:\/\/soin-energie.com\/index.php\/login\/\">Se connecter<\/a> <a href=\"https:\/\/soin-energie.com\/index.php\/compte-dadherent\/niveaux-dadhesion\/\">S\u2019abonner maintenant<\/a><\/div>","protected":false},"author":1,"featured_media":0,"parent":0,"menu_order":0,"comment_status":"closed","ping_status":"closed","template":"","meta":{"pmpro_default_level":0},"_links":{"self":[{"href":"https:\/\/soin-energie.com\/index.php\/wp-json\/wp\/v2\/pages\/1132"}],"collection":[{"href":"https:\/\/soin-energie.com\/index.php\/wp-json\/wp\/v2\/pages"}],"about":[{"href":"https:\/\/soin-energie.com\/index.php\/wp-json\/wp\/v2\/types\/page"}],"author":[{"embeddable":true,"href":"https:\/\/soin-energie.com\/index.php\/wp-json\/wp\/v2\/users\/1"}],"replies":[{"embeddable":true,"href":"https:\/\/soin-energie.com\/index.php\/wp-json\/wp\/v2\/comments?post=1132"}],"version-history":[{"count":6,"href":"https:\/\/soin-energie.com\/index.php\/wp-json\/wp\/v2\/pages\/1132\/revisions"}],"predecessor-version":[{"id":1232,"href":"https:\/\/soin-energie.com\/index.php\/wp-json\/wp\/v2\/pages\/1132\/revisions\/1232"}],"wp:attachment":[{"href":"https:\/\/soin-energie.com\/index.php\/wp-json\/wp\/v2\/media?parent=1132"}],"curies":[{"name":"wp","href":"https:\/\/api.w.org\/{rel}","templated":true}]}}