{"id":1128,"date":"2020-12-07T16:59:09","date_gmt":"2020-12-07T15:59:09","guid":{"rendered":"https:\/\/soin-energie.com\/?page_id=1128"},"modified":"2020-12-07T17:32:48","modified_gmt":"2020-12-07T16:32:48","slug":"messager-de-linversion","status":"publish","type":"page","link":"https:\/\/soin-energie.com\/index.php\/messager-de-linversion\/","title":{"rendered":"Messager de l&#8217;inversion"},"content":{"rendered":"<div class=\"pmpro_content_message\">Ce contenu est uniquement r\u00e9serv\u00e9 aux membres Oracle Messagers de lumi\u00e8re.<br \/><a href=\"https:\/\/soin-energie.com\/index.php\/login\/\">Se connecter<\/a> <a href=\"https:\/\/soin-energie.com\/index.php\/compte-dadherent\/niveaux-dadhesion\/\">S\u2019abonner maintenant<\/a><\/div>\n","protected":false},"excerpt":{"rendered":"<div class=\"pmpro_content_message\">Ce contenu est uniquement r\u00e9serv\u00e9 aux membres Oracle Messagers de lumi\u00e8re.<br \/><a href=\"https:\/\/soin-energie.com\/index.php\/login\/\">Se connecter<\/a> <a href=\"https:\/\/soin-energie.com\/index.php\/compte-dadherent\/niveaux-dadhesion\/\">S\u2019abonner maintenant<\/a><\/div>","protected":false},"author":1,"featured_media":0,"parent":0,"menu_order":0,"comment_status":"closed","ping_status":"closed","template":"","meta":{"pmpro_default_level":0},"_links":{"self":[{"href":"https:\/\/soin-energie.com\/index.php\/wp-json\/wp\/v2\/pages\/1128"}],"collection":[{"href":"https:\/\/soin-energie.com\/index.php\/wp-json\/wp\/v2\/pages"}],"about":[{"href":"https:\/\/soin-energie.com\/index.php\/wp-json\/wp\/v2\/types\/page"}],"author":[{"embeddable":true,"href":"https:\/\/soin-energie.com\/index.php\/wp-json\/wp\/v2\/users\/1"}],"replies":[{"embeddable":true,"href":"https:\/\/soin-energie.com\/index.php\/wp-json\/wp\/v2\/comments?post=1128"}],"version-history":[{"count":4,"href":"https:\/\/soin-energie.com\/index.php\/wp-json\/wp\/v2\/pages\/1128\/revisions"}],"predecessor-version":[{"id":1149,"href":"https:\/\/soin-energie.com\/index.php\/wp-json\/wp\/v2\/pages\/1128\/revisions\/1149"}],"wp:attachment":[{"href":"https:\/\/soin-energie.com\/index.php\/wp-json\/wp\/v2\/media?parent=1128"}],"curies":[{"name":"wp","href":"https:\/\/api.w.org\/{rel}","templated":true}]}}