{"id":1117,"date":"2020-12-04T16:51:38","date_gmt":"2020-12-04T15:51:38","guid":{"rendered":"https:\/\/soin-energie.com\/?page_id=1117"},"modified":"2020-12-13T17:40:52","modified_gmt":"2020-12-13T16:40:52","slug":"messager-de-la-protection","status":"publish","type":"page","link":"https:\/\/soin-energie.com\/index.php\/messager-de-la-protection\/","title":{"rendered":"Messager de la protection"},"content":{"rendered":"<div class=\"pmpro_content_message\">Ce contenu est uniquement r\u00e9serv\u00e9 aux membres Oracle Messagers de lumi\u00e8re.<br \/><a href=\"https:\/\/soin-energie.com\/index.php\/login\/\">Se connecter<\/a> <a href=\"https:\/\/soin-energie.com\/index.php\/compte-dadherent\/niveaux-dadhesion\/\">S\u2019abonner maintenant<\/a><\/div>\n","protected":false},"excerpt":{"rendered":"<div class=\"pmpro_content_message\">Ce contenu est uniquement r\u00e9serv\u00e9 aux membres Oracle Messagers de lumi\u00e8re.<br \/><a href=\"https:\/\/soin-energie.com\/index.php\/login\/\">Se connecter<\/a> <a href=\"https:\/\/soin-energie.com\/index.php\/compte-dadherent\/niveaux-dadhesion\/\">S\u2019abonner maintenant<\/a><\/div>","protected":false},"author":1,"featured_media":0,"parent":0,"menu_order":0,"comment_status":"closed","ping_status":"closed","template":"","meta":{"pmpro_default_level":0},"_links":{"self":[{"href":"https:\/\/soin-energie.com\/index.php\/wp-json\/wp\/v2\/pages\/1117"}],"collection":[{"href":"https:\/\/soin-energie.com\/index.php\/wp-json\/wp\/v2\/pages"}],"about":[{"href":"https:\/\/soin-energie.com\/index.php\/wp-json\/wp\/v2\/types\/page"}],"author":[{"embeddable":true,"href":"https:\/\/soin-energie.com\/index.php\/wp-json\/wp\/v2\/users\/1"}],"replies":[{"embeddable":true,"href":"https:\/\/soin-energie.com\/index.php\/wp-json\/wp\/v2\/comments?post=1117"}],"version-history":[{"count":5,"href":"https:\/\/soin-energie.com\/index.php\/wp-json\/wp\/v2\/pages\/1117\/revisions"}],"predecessor-version":[{"id":1230,"href":"https:\/\/soin-energie.com\/index.php\/wp-json\/wp\/v2\/pages\/1117\/revisions\/1230"}],"wp:attachment":[{"href":"https:\/\/soin-energie.com\/index.php\/wp-json\/wp\/v2\/media?parent=1117"}],"curies":[{"name":"wp","href":"https:\/\/api.w.org\/{rel}","templated":true}]}}